{"id":98,"date":"2024-02-16T01:45:28","date_gmt":"2024-02-16T00:45:28","guid":{"rendered":"https:\/\/mam.lesrazmockets.fr\/?page_id=98"},"modified":"2024-02-17T04:01:11","modified_gmt":"2024-02-17T03:01:11","slug":"formulaire-de-contact","status":"publish","type":"page","link":"https:\/\/mam.lesrazmockets.fr\/index.php\/formulaire-de-contact\/","title":{"rendered":"Formulaire de contact"},"content":{"rendered":"\n<div class=\"wp-block-group alignwide has-global-padding is-layout-constrained wp-container-core-group-is-layout-681587c2 wp-block-group-is-layout-constrained\" style=\"margin-top:0;margin-bottom:0;padding-top:var(--wp--preset--spacing--20);padding-right:var(--wp--preset--spacing--20);padding-bottom:var(--wp--preset--spacing--20);padding-left:var(--wp--preset--spacing--20)\">\n<div class=\"wp-block-group has-global-padding is-layout-constrained wp-container-core-group-is-layout-650790e1 wp-block-group-is-layout-constrained\">\n<h1 class=\"wp-block-heading has-text-align-center has-x-large-font-size\">Les Razmockets<br>pour vous et vos enfants<\/h1>\n\n\n\n<div style=\"height:1.25rem\" aria-hidden=\"true\" class=\"wp-block-spacer\"><\/div>\n\n\n\n<p class=\"has-text-align-center\">Posez-nous toutes les questions que vous souhaitez,<br>nous nous efforcerons d&rsquo;y r\u00e9pondre le plus rapidement possible.<\/p>\n\n\n\n<div style=\"height:1.25rem\" aria-hidden=\"true\" class=\"wp-block-spacer\"><\/div>\n\n\n\n<div class=\"wp-block-buttons is-content-justification-center is-layout-flex wp-container-core-buttons-is-layout-a89b3969 wp-block-buttons-is-layout-flex\"><\/div>\n<\/div>\n\n\n\n<p text-align: center;>\n\n<div class=\"wpcf7 no-js\" id=\"wpcf7-f92-o1\" lang=\"fr-FR\" dir=\"ltr\" data-wpcf7-id=\"92\">\n<div class=\"screen-reader-response\"><p role=\"status\" aria-live=\"polite\" aria-atomic=\"true\"><\/p> <ul><\/ul><\/div>\n<form action=\"\/index.php\/wp-json\/wp\/v2\/pages\/98#wpcf7-f92-o1\" method=\"post\" class=\"wpcf7-form init\" aria-label=\"Formulaire de contact\" novalidate=\"novalidate\" data-status=\"init\">\n<fieldset class=\"hidden-fields-container\"><input type=\"hidden\" name=\"_wpcf7\" value=\"92\" \/><input type=\"hidden\" name=\"_wpcf7_version\" value=\"6.1.5\" \/><input type=\"hidden\" name=\"_wpcf7_locale\" value=\"fr_FR\" \/><input type=\"hidden\" name=\"_wpcf7_unit_tag\" value=\"wpcf7-f92-o1\" \/><input type=\"hidden\" name=\"_wpcf7_container_post\" value=\"0\" \/><input type=\"hidden\" name=\"_wpcf7_posted_data_hash\" value=\"\" \/>\n<\/fieldset>\n<p><label> Votre nom\n\t\t<font color=\"red\"><sup>*<\/sup>\n\t\t<\/font><br \/>\n<span class=\"wpcf7-form-control-wrap\" data-name=\"your-name\"><input size=\"40\" maxlength=\"400\" class=\"wpcf7-form-control wpcf7-text wpcf7-validates-as-required\" aria-required=\"true\" aria-invalid=\"false\" value=\"\" type=\"text\" name=\"your-name\" \/><\/span> <\/label>\n<\/p>\n<p><label> Votre e-mail\n\t\t<font color=\"red\"><sup>*<\/sup>\n\t\t<\/font><br \/>\n<span class=\"wpcf7-form-control-wrap\" data-name=\"your-email\"><input size=\"40\" maxlength=\"400\" class=\"wpcf7-form-control wpcf7-email wpcf7-validates-as-required wpcf7-text wpcf7-validates-as-email\" autocomplete=\"email\" aria-required=\"true\" aria-invalid=\"false\" value=\"\" type=\"email\" name=\"your-email\" \/><\/span> <\/label>\n<\/p>\n<p><label> Votre num\u00e9ro de t\u00e9l\u00e9phone<br \/>\n<span class=\"wpcf7-form-control-wrap\" data-name=\"Telephone\"><input size=\"40\" maxlength=\"400\" class=\"wpcf7-form-control wpcf7-tel wpcf7-text wpcf7-validates-as-tel\" aria-invalid=\"false\" placeholder=\"\" value=\"\" type=\"tel\" name=\"Telephone\" \/><\/span> <\/label>\n<\/p>\n<p><label> Objet\n\t\t<font color=\"red\"><sup>*<\/sup>\n\t\t<\/font><br \/>\n<span class=\"wpcf7-form-control-wrap\" data-name=\"your-subject\"><input size=\"40\" maxlength=\"400\" class=\"wpcf7-form-control wpcf7-text wpcf7-validates-as-required\" aria-required=\"true\" aria-invalid=\"false\" value=\"\" type=\"text\" name=\"your-subject\" \/><\/span> <\/label>\n<\/p>\n<p><label> Votre message<sup>\n\t\t\t<font color=\"red\"><sup>*<\/sup>\n\t\t\t<\/font><br \/>\n<span class=\"wpcf7-form-control-wrap\" data-name=\"your-message\"><textarea cols=\"40\" rows=\"10\" maxlength=\"2000\" class=\"wpcf7-form-control wpcf7-textarea wpcf7-validates-as-required\" aria-required=\"true\" aria-invalid=\"false\" name=\"your-message\"><\/textarea><\/span> <\/sup><\/label>\n<\/p>\n<p>Saisissez ce code CAPTCHA\n\t<font color=\"red\"><sup>*<\/sup>\n\t<\/font>: <input type=\"hidden\" name=\"_wpcf7_captcha_challenge_captcha-170\" value=\"230520489\" \/><img loading=\"lazy\" decoding=\"async\" class=\"wpcf7-form-control wpcf7-captchac wpcf7-captcha-captcha-170\" width=\"72\" height=\"24\" alt=\"captcha\" src=\"https:\/\/mam.lesrazmockets.fr\/wp-content\/uploads\/wpcf7_captcha\/230520489.png\" \/><br \/>\n<span class=\"wpcf7-form-control-wrap\" data-name=\"captcha-170\"><input size=\"4\" maxlength=\"4\" class=\"wpcf7-form-control wpcf7-captchar\" autocomplete=\"off\" aria-invalid=\"false\" value=\"\" type=\"text\" name=\"captcha-170\" \/><\/span>\n<\/p>\n<p color: rgb(255, 0, 0)><br \/>\n\t<font color=\"red\"><small><sup>*<\/sup> saisie obligatoire<\/small>\n\t<\/font>\n<\/p>\n<p><input class=\"wpcf7-form-control wpcf7-submit has-spinner\" type=\"submit\" value=\"Envoyer\" \/>\n<\/p><div class=\"wpcf7-response-output\" aria-hidden=\"true\"><\/div>\n<\/form>\n<\/div>\n\n<p>\n\n\n\n<div style=\"height:var(--wp--preset--spacing--30)\" aria-hidden=\"true\" class=\"wp-block-spacer\"><\/div>\n\n\n\n<figure class=\"wp-block-image aligncenter size-full is-style-rounded is-style-rounded--1\"><img loading=\"lazy\" decoding=\"async\" width=\"512\" height=\"512\" src=\"https:\/\/mam.lesrazmockets.fr\/wp-content\/uploads\/2024\/02\/cropped-LOGO-RAZMOCKETS-1.jpg\" alt=\"\" class=\"wp-image-19\" srcset=\"https:\/\/mam.lesrazmockets.fr\/wp-content\/uploads\/2024\/02\/cropped-LOGO-RAZMOCKETS-1.jpg 512w, https:\/\/mam.lesrazmockets.fr\/wp-content\/uploads\/2024\/02\/cropped-LOGO-RAZMOCKETS-1-300x300.jpg 300w, https:\/\/mam.lesrazmockets.fr\/wp-content\/uploads\/2024\/02\/cropped-LOGO-RAZMOCKETS-1-150x150.jpg 150w, https:\/\/mam.lesrazmockets.fr\/wp-content\/uploads\/2024\/02\/cropped-LOGO-RAZMOCKETS-1-270x270.jpg 270w, https:\/\/mam.lesrazmockets.fr\/wp-content\/uploads\/2024\/02\/cropped-LOGO-RAZMOCKETS-1-192x192.jpg 192w, https:\/\/mam.lesrazmockets.fr\/wp-content\/uploads\/2024\/02\/cropped-LOGO-RAZMOCKETS-1-180x180.jpg 180w, https:\/\/mam.lesrazmockets.fr\/wp-content\/uploads\/2024\/02\/cropped-LOGO-RAZMOCKETS-1-32x32.jpg 32w\" sizes=\"auto, (max-width: 512px) 100vw, 512px\" \/><\/figure>\n<\/div>\n","protected":false},"excerpt":{"rendered":"<p>Les Razmocketspour vous et vos enfants Posez-nous toutes les questions que vous souhaitez,nous nous efforcerons d&rsquo;y r\u00e9pondre le plus rapidement possible.<\/p>\n","protected":false},"author":7,"featured_media":0,"parent":0,"menu_order":0,"comment_status":"closed","ping_status":"closed","template":"page-no-title","meta":{"footnotes":""},"class_list":["post-98","page","type-page","status-publish","hentry"],"yoast_head":"<!-- This site is optimized with the Yoast SEO plugin v27.4 - https:\/\/yoast.com\/product\/yoast-seo-wordpress\/ -->\n<title>Formulaire de contact - MAM Les Razmockets<\/title>\n<meta name=\"description\" content=\"MAM Les Razmockets - Formulaire de contact -\" \/>\n<meta name=\"robots\" content=\"index, follow, max-snippet:-1, max-image-preview:large, max-video-preview:-1\" \/>\n<link rel=\"canonical\" href=\"https:\/\/mam.lesrazmockets.fr\/index.php\/formulaire-de-contact\/\" \/>\n<meta property=\"og:locale\" content=\"fr_FR\" \/>\n<meta property=\"og:type\" content=\"article\" \/>\n<meta property=\"og:title\" content=\"Formulaire de contact - MAM Les Razmockets\" \/>\n<meta property=\"og:description\" content=\"MAM Les Razmockets - Formulaire de contact -\" \/>\n<meta property=\"og:url\" content=\"https:\/\/mam.lesrazmockets.fr\/index.php\/formulaire-de-contact\/\" \/>\n<meta property=\"og:site_name\" content=\"MAM Les Razmockets\" \/>\n<meta property=\"article:publisher\" content=\"https:\/\/www.facebook.com\/mamlesrazmockets\" \/>\n<meta property=\"article:modified_time\" content=\"2024-02-17T03:01:11+00:00\" \/>\n<meta property=\"og:image\" content=\"https:\/\/mam.lesrazmockets.fr\/wp-content\/uploads\/2024\/02\/cropped-LOGO-RAZMOCKETS-1.jpg\" \/>\n<meta name=\"twitter:card\" content=\"summary_large_image\" \/>\n<script type=\"application\/ld+json\" class=\"yoast-schema-graph\">{\"@context\":\"https:\\\/\\\/schema.org\",\"@graph\":[{\"@type\":\"WebPage\",\"@id\":\"https:\\\/\\\/mam.lesrazmockets.fr\\\/index.php\\\/formulaire-de-contact\\\/\",\"url\":\"https:\\\/\\\/mam.lesrazmockets.fr\\\/index.php\\\/formulaire-de-contact\\\/\",\"name\":\"Formulaire de contact - MAM Les Razmockets\",\"isPartOf\":{\"@id\":\"https:\\\/\\\/mam.lesrazmockets.fr\\\/#website\"},\"primaryImageOfPage\":{\"@id\":\"https:\\\/\\\/mam.lesrazmockets.fr\\\/index.php\\\/formulaire-de-contact\\\/#primaryimage\"},\"image\":{\"@id\":\"https:\\\/\\\/mam.lesrazmockets.fr\\\/index.php\\\/formulaire-de-contact\\\/#primaryimage\"},\"thumbnailUrl\":\"https:\\\/\\\/mam.lesrazmockets.fr\\\/wp-content\\\/uploads\\\/2024\\\/02\\\/cropped-LOGO-RAZMOCKETS-1.jpg\",\"datePublished\":\"2024-02-16T00:45:28+00:00\",\"dateModified\":\"2024-02-17T03:01:11+00:00\",\"description\":\"MAM Les Razmockets - Formulaire de contact -\",\"breadcrumb\":{\"@id\":\"https:\\\/\\\/mam.lesrazmockets.fr\\\/index.php\\\/formulaire-de-contact\\\/#breadcrumb\"},\"inLanguage\":\"fr-FR\",\"potentialAction\":[{\"@type\":\"ReadAction\",\"target\":[\"https:\\\/\\\/mam.lesrazmockets.fr\\\/index.php\\\/formulaire-de-contact\\\/\"]}]},{\"@type\":\"ImageObject\",\"inLanguage\":\"fr-FR\",\"@id\":\"https:\\\/\\\/mam.lesrazmockets.fr\\\/index.php\\\/formulaire-de-contact\\\/#primaryimage\",\"url\":\"https:\\\/\\\/mam.lesrazmockets.fr\\\/wp-content\\\/uploads\\\/2024\\\/02\\\/cropped-LOGO-RAZMOCKETS-1.jpg\",\"contentUrl\":\"https:\\\/\\\/mam.lesrazmockets.fr\\\/wp-content\\\/uploads\\\/2024\\\/02\\\/cropped-LOGO-RAZMOCKETS-1.jpg\",\"width\":512,\"height\":512},{\"@type\":\"BreadcrumbList\",\"@id\":\"https:\\\/\\\/mam.lesrazmockets.fr\\\/index.php\\\/formulaire-de-contact\\\/#breadcrumb\",\"itemListElement\":[{\"@type\":\"ListItem\",\"position\":1,\"name\":\"Accueil\",\"item\":\"https:\\\/\\\/mam.lesrazmockets.fr\\\/\"},{\"@type\":\"ListItem\",\"position\":2,\"name\":\"Formulaire de contact\"}]},{\"@type\":\"WebSite\",\"@id\":\"https:\\\/\\\/mam.lesrazmockets.fr\\\/#website\",\"url\":\"https:\\\/\\\/mam.lesrazmockets.fr\\\/\",\"name\":\"MAM Les Razmockets\",\"description\":\"Faites garder vos enfants dans un lieu de vie, un espace socialisant, s\u00e9curisant et bienveillant, adapt\u00e9 \u00e0 100% aux enfants\",\"publisher\":{\"@id\":\"https:\\\/\\\/mam.lesrazmockets.fr\\\/#organization\"},\"alternateName\":\"garde enfant Fleury\",\"potentialAction\":[{\"@type\":\"SearchAction\",\"target\":{\"@type\":\"EntryPoint\",\"urlTemplate\":\"https:\\\/\\\/mam.lesrazmockets.fr\\\/?s={search_term_string}\"},\"query-input\":{\"@type\":\"PropertyValueSpecification\",\"valueRequired\":true,\"valueName\":\"search_term_string\"}}],\"inLanguage\":\"fr-FR\"},{\"@type\":\"Organization\",\"@id\":\"https:\\\/\\\/mam.lesrazmockets.fr\\\/#organization\",\"name\":\"MAM Les Razmockets\",\"alternateName\":\"Les Razmockets Fleury\",\"url\":\"https:\\\/\\\/mam.lesrazmockets.fr\\\/\",\"logo\":{\"@type\":\"ImageObject\",\"inLanguage\":\"fr-FR\",\"@id\":\"https:\\\/\\\/mam.lesrazmockets.fr\\\/#\\\/schema\\\/logo\\\/image\\\/\",\"url\":\"https:\\\/\\\/mam.lesrazmockets.fr\\\/wp-content\\\/uploads\\\/2024\\\/02\\\/LOGO-RAZMOCKETS-1.jpg\",\"contentUrl\":\"https:\\\/\\\/mam.lesrazmockets.fr\\\/wp-content\\\/uploads\\\/2024\\\/02\\\/LOGO-RAZMOCKETS-1.jpg\",\"width\":960,\"height\":959,\"caption\":\"MAM Les Razmockets\"},\"image\":{\"@id\":\"https:\\\/\\\/mam.lesrazmockets.fr\\\/#\\\/schema\\\/logo\\\/image\\\/\"},\"sameAs\":[\"https:\\\/\\\/www.facebook.com\\\/mamlesrazmockets\",\"https:\\\/\\\/www.instagram.com\\\/mamlesrazmockets\",\"https:\\\/\\\/www.pinterest.fr\\\/LesRazmockets11560\\\/\"]}]}<\/script>\n<!-- \/ Yoast SEO plugin. -->","yoast_head_json":{"title":"Formulaire de contact - MAM Les Razmockets","description":"MAM Les Razmockets - Formulaire de contact -","robots":{"index":"index","follow":"follow","max-snippet":"max-snippet:-1","max-image-preview":"max-image-preview:large","max-video-preview":"max-video-preview:-1"},"canonical":"https:\/\/mam.lesrazmockets.fr\/index.php\/formulaire-de-contact\/","og_locale":"fr_FR","og_type":"article","og_title":"Formulaire de contact - MAM Les Razmockets","og_description":"MAM Les Razmockets - Formulaire de contact -","og_url":"https:\/\/mam.lesrazmockets.fr\/index.php\/formulaire-de-contact\/","og_site_name":"MAM Les Razmockets","article_publisher":"https:\/\/www.facebook.com\/mamlesrazmockets","article_modified_time":"2024-02-17T03:01:11+00:00","og_image":[{"url":"https:\/\/mam.lesrazmockets.fr\/wp-content\/uploads\/2024\/02\/cropped-LOGO-RAZMOCKETS-1.jpg","type":"","width":"","height":""}],"twitter_card":"summary_large_image","schema":{"@context":"https:\/\/schema.org","@graph":[{"@type":"WebPage","@id":"https:\/\/mam.lesrazmockets.fr\/index.php\/formulaire-de-contact\/","url":"https:\/\/mam.lesrazmockets.fr\/index.php\/formulaire-de-contact\/","name":"Formulaire de contact - MAM Les Razmockets","isPartOf":{"@id":"https:\/\/mam.lesrazmockets.fr\/#website"},"primaryImageOfPage":{"@id":"https:\/\/mam.lesrazmockets.fr\/index.php\/formulaire-de-contact\/#primaryimage"},"image":{"@id":"https:\/\/mam.lesrazmockets.fr\/index.php\/formulaire-de-contact\/#primaryimage"},"thumbnailUrl":"https:\/\/mam.lesrazmockets.fr\/wp-content\/uploads\/2024\/02\/cropped-LOGO-RAZMOCKETS-1.jpg","datePublished":"2024-02-16T00:45:28+00:00","dateModified":"2024-02-17T03:01:11+00:00","description":"MAM Les Razmockets - Formulaire de contact -","breadcrumb":{"@id":"https:\/\/mam.lesrazmockets.fr\/index.php\/formulaire-de-contact\/#breadcrumb"},"inLanguage":"fr-FR","potentialAction":[{"@type":"ReadAction","target":["https:\/\/mam.lesrazmockets.fr\/index.php\/formulaire-de-contact\/"]}]},{"@type":"ImageObject","inLanguage":"fr-FR","@id":"https:\/\/mam.lesrazmockets.fr\/index.php\/formulaire-de-contact\/#primaryimage","url":"https:\/\/mam.lesrazmockets.fr\/wp-content\/uploads\/2024\/02\/cropped-LOGO-RAZMOCKETS-1.jpg","contentUrl":"https:\/\/mam.lesrazmockets.fr\/wp-content\/uploads\/2024\/02\/cropped-LOGO-RAZMOCKETS-1.jpg","width":512,"height":512},{"@type":"BreadcrumbList","@id":"https:\/\/mam.lesrazmockets.fr\/index.php\/formulaire-de-contact\/#breadcrumb","itemListElement":[{"@type":"ListItem","position":1,"name":"Accueil","item":"https:\/\/mam.lesrazmockets.fr\/"},{"@type":"ListItem","position":2,"name":"Formulaire de contact"}]},{"@type":"WebSite","@id":"https:\/\/mam.lesrazmockets.fr\/#website","url":"https:\/\/mam.lesrazmockets.fr\/","name":"MAM Les Razmockets","description":"Faites garder vos enfants dans un lieu de vie, un espace socialisant, s\u00e9curisant et bienveillant, adapt\u00e9 \u00e0 100% aux enfants","publisher":{"@id":"https:\/\/mam.lesrazmockets.fr\/#organization"},"alternateName":"garde enfant Fleury","potentialAction":[{"@type":"SearchAction","target":{"@type":"EntryPoint","urlTemplate":"https:\/\/mam.lesrazmockets.fr\/?s={search_term_string}"},"query-input":{"@type":"PropertyValueSpecification","valueRequired":true,"valueName":"search_term_string"}}],"inLanguage":"fr-FR"},{"@type":"Organization","@id":"https:\/\/mam.lesrazmockets.fr\/#organization","name":"MAM Les Razmockets","alternateName":"Les Razmockets Fleury","url":"https:\/\/mam.lesrazmockets.fr\/","logo":{"@type":"ImageObject","inLanguage":"fr-FR","@id":"https:\/\/mam.lesrazmockets.fr\/#\/schema\/logo\/image\/","url":"https:\/\/mam.lesrazmockets.fr\/wp-content\/uploads\/2024\/02\/LOGO-RAZMOCKETS-1.jpg","contentUrl":"https:\/\/mam.lesrazmockets.fr\/wp-content\/uploads\/2024\/02\/LOGO-RAZMOCKETS-1.jpg","width":960,"height":959,"caption":"MAM Les Razmockets"},"image":{"@id":"https:\/\/mam.lesrazmockets.fr\/#\/schema\/logo\/image\/"},"sameAs":["https:\/\/www.facebook.com\/mamlesrazmockets","https:\/\/www.instagram.com\/mamlesrazmockets","https:\/\/www.pinterest.fr\/LesRazmockets11560\/"]}]}},"_links":{"self":[{"href":"https:\/\/mam.lesrazmockets.fr\/index.php\/wp-json\/wp\/v2\/pages\/98","targetHints":{"allow":["GET"]}}],"collection":[{"href":"https:\/\/mam.lesrazmockets.fr\/index.php\/wp-json\/wp\/v2\/pages"}],"about":[{"href":"https:\/\/mam.lesrazmockets.fr\/index.php\/wp-json\/wp\/v2\/types\/page"}],"author":[{"embeddable":true,"href":"https:\/\/mam.lesrazmockets.fr\/index.php\/wp-json\/wp\/v2\/users\/7"}],"replies":[{"embeddable":true,"href":"https:\/\/mam.lesrazmockets.fr\/index.php\/wp-json\/wp\/v2\/comments?post=98"}],"version-history":[{"count":7,"href":"https:\/\/mam.lesrazmockets.fr\/index.php\/wp-json\/wp\/v2\/pages\/98\/revisions"}],"predecessor-version":[{"id":242,"href":"https:\/\/mam.lesrazmockets.fr\/index.php\/wp-json\/wp\/v2\/pages\/98\/revisions\/242"}],"wp:attachment":[{"href":"https:\/\/mam.lesrazmockets.fr\/index.php\/wp-json\/wp\/v2\/media?parent=98"}],"curies":[{"name":"wp","href":"https:\/\/api.w.org\/{rel}","templated":true}]}}