

{"id":111,"date":"2024-02-16T03:26:47","date_gmt":"2024-02-16T02:26:47","guid":{"rendered":"https:\/\/mam.lesrazmockets.fr\/?page_id=111"},"modified":"2024-04-29T02:34:02","modified_gmt":"2024-04-29T00:34:02","slug":"nous-trouver","status":"publish","type":"page","link":"https:\/\/mam.lesrazmockets.fr\/index.php\/nous-trouver\/","title":{"rendered":"O\u00f9 se trouve la MAM Les Razmockets?"},"content":{"rendered":"\n<p><\/p>\n\n\n\n<p><\/p>\n\n\n\n<p><\/p>\n\n\n\n<p><\/p>\n\n\n\n<div class=\"wp-block-buttons is-content-justification-center is-layout-flex wp-container-core-buttons-is-layout-a89b3969 wp-block-buttons-is-layout-flex\">\n<div class=\"wp-block-button\"><a class=\"wp-block-button__link wp-element-button\" href=\"https:\/\/ul.waze.com\/ul?ll=43.23094615%2C3.12956393&amp;navigate=yes&amp;zoom=17&amp;utm_campaign=default&amp;utm_source=waze_website&amp;utm_medium=lm_share_location\" target=\"_blank\" rel=\"nofollow noreferrer noopener\">Mon Itin\u00e9raire<\/a><\/div>\n<\/div>\n\n\n\n<p class=\"has-text-align-center has-body-font-family has-medium-font-size\" style=\"margin-top:0;margin-right:0;margin-bottom:0;margin-left:0;padding-top:var(--wp--preset--spacing--10);padding-right:0;padding-bottom:var(--wp--preset--spacing--10);padding-left:0\"><a href=\"https:\/\/www.geoportail.gouv.fr\/carte?c=3.129804055768518,43.230660086618656&amp;z=18&amp;l0=TRANSPORTNETWORKS.ROADS::GEOPORTAIL:OGC:WMTS(0.54;g)&amp;v1=PLAN.IGN::GEOPORTAIL:GPP:TMS(1;s:transparent)&amp;l2=ORTHOIMAGERY.ORTHOPHOTOS::GEOPORTAIL:OGC:WMTS(0.61)&amp;d3=5077967(1)&amp;permalink=yes\"> <iframe loading=\"lazy\" width=\"600\" height=\"400\" frameborder=\"0\" scrolling=\"no\" marginheight=\"0\" marginwidth=\"0\" sandbox=\"allow-forms allow-scripts allow-same-origin\" src=\"https:\/\/www.geoportail.gouv.fr\/embed\/visu.html?c=3.129224698621297,43.23065617809169&amp;z=18&amp;l0=TRANSPORTNETWORKS.ROADS::GEOPORTAIL:OGC:WMTS(0.54;g)&amp;v1=PLAN.IGN::GEOPORTAIL:GPP:TMS(1;s:transparent)&amp;l2=ORTHOIMAGERY.ORTHOPHOTOS::GEOPORTAIL:OGC:WMTS(0.61)&amp;permalink=yes\" allowfullscreen=\"\"><\/iframe> <\/a><\/p>\n\n\n\n<p class=\"has-text-align-center\"><a href=\"https:\/\/www.geoportail.gouv.fr\/carte?c=3.129804055768518,43.230660086618656&amp;z=18&amp;l0=TRANSPORTNETWORKS.ROADS::GEOPORTAIL:OGC:WMTS(0.54;g)&amp;v1=PLAN.IGN::GEOPORTAIL:GPP:TMS(1;s:transparent)&amp;l2=ORTHOIMAGERY.ORTHOPHOTOS::GEOPORTAIL:OGC:WMTS(0.61)&amp;d3=5077967(1)&amp;permalink=yes\" target=\"_blank\" rel=\"noreferrer noopener nofollow\">La carte sur le site G\u00e9oPortail.gouv.fr<\/a><\/p>\n\n\n\n<div style=\"height:100px\" aria-hidden=\"true\" class=\"wp-block-spacer\"><\/div>\n\n\n<link rel='stylesheet' id='osm-ol3-css-css' href='https:\/\/mam.lesrazmockets.fr\/wp-content\/plugins\/osm\/js\/OL\/10.9.0\/ol.css?ver=6.9.4' media='all' \/>\n<link rel='stylesheet' id='osm-ol3-ext-css-css' href='https:\/\/mam.lesrazmockets.fr\/wp-content\/plugins\/osm\/css\/osm_map_v3.css?ver=6.9.4' media='all' \/>\n<link rel='stylesheet' id='osm-map-css-css' href='https:\/\/mam.lesrazmockets.fr\/wp-content\/plugins\/osm\/css\/osm_map.css?ver=6.9.4' media='all' \/>\n<script src=\"https:\/\/mam.lesrazmockets.fr\/wp-includes\/js\/dist\/vendor\/wp-polyfill.min.js?ver=3.15.0\" id=\"wp-polyfill-js\"><\/script>\n<script src=\"https:\/\/mam.lesrazmockets.fr\/wp-content\/plugins\/osm\/js\/OL\/10.9.0\/ol.js?ver=10.9.0\" id=\"osm-ol3-library-js\"><\/script>\n<script src=\"https:\/\/mam.lesrazmockets.fr\/wp-content\/plugins\/osm\/js\/osm-v3-plugin-lib.js?ver=1.0.0\" id=\"osm-ol3-ext-library-js\"><\/script>\n<script src=\"https:\/\/mam.lesrazmockets.fr\/wp-content\/plugins\/osm\/js\/osm-metabox-events.js?ver=1.0.0\" id=\"osm-ol3-metabox-events-js\"><\/script>\n<script src=\"https:\/\/mam.lesrazmockets.fr\/wp-includes\/js\/jquery\/jquery.min.js?ver=3.7.1\" id=\"jquery-core-js\"><\/script>\n<script src=\"https:\/\/mam.lesrazmockets.fr\/wp-includes\/js\/jquery\/jquery-migrate.min.js?ver=3.4.1\" id=\"jquery-migrate-js\"><\/script>\n<script id=\"osm-map-startup-js-extra\">\nvar translations = {\"openlayer\":\"open layer\",\"openlayerAtStartup\":\"open layer at startup\",\"generateLink\":\"link to this map with opened layers\",\"shortDescription\":\"short description\",\"generatedShortCode\":\"to get a text control link paste this code in your wordpress editor\",\"closeLayer\":\"close layer\",\"cantGenerateLink\":\"put this string in the existing map short code to control this map\"};\n\/\/# sourceURL=osm-map-startup-js-extra\n<\/script>\n<script src=\"https:\/\/mam.lesrazmockets.fr\/wp-content\/plugins\/osm\/js\/osm-startup-lib.js?ver=V6.2.5\" id=\"osm-map-startup-js\"><\/script>\n\n        <div id=\"map_ol3js_1\"\n       class=\"osm-map-container undefined\"\n             data-map_name=\"undefined\"\n             data-map=\"map_ol3js_1\"\n             data-autoshow=\"no\"\n             style=\"width:55%;\n                    max-width:100%;\n                    height:555px;\n                    display:block;\n                    overflow:hidden;\n                    border:2px solid grey;\n                    position: relative;\">\n          <div id=\"map_ol3js_1_popup\" class=\"ol-popup\">\n            <a href=\"#\" id=\"map_ol3js_1_popup-closer\" class=\"ol-popup-closer\"><\/a>\n            <div id=\"map_ol3js_1_popup-content\"><\/div>\n          <\/div>\n        <\/div>\n    <script type=\"text\/javascript\">\n\t\t\t  vectorM['map_ol3js_1'] = [];\n\t        \n        var raster = getTileLayer(\"osm\",\"NoKey\");\t\t\t\n\n\t\t\t  var map_ol3js_1 = new ol.Map({\n\t\t\t\tinteractions: ol.interaction.defaults.defaults({mouseWheelZoom:false}),\n\t\t\t\tlayers: [raster],\n\t\t\t\ttarget: \"map_ol3js_1\",\n\t\t\t\tview: new ol.View({\n\t\t\t\t  center: ol.proj.transform([3.1296,43.2310], \"EPSG:4326\", \"EPSG:3857\"),\n\t\t\t\t  zoom: 15\n\t\t\t\t})\n\t\t\t  });\n\t\t\t  osm_addMarkerLayer(map_ol3js_1,3.1295,43.2308,\"https:\/\/mam.lesrazmockets.fr\/wp-content\/plugins\/osm\/icons\/mic_black_hut_10.png\",-16,-41,\"<p><\/p>\") ; \naddControls2Map(map_ol3js_1,1,1,3,1,5,6,7,1,1);\nosm_addPopupClickhandler(map_ol3js_1,  \"map_ol3js_1\"); \nosm_addMouseHover(map_ol3js_1); <\/script>\n\n\n\n<figure class=\"wp-block-image aligncenter size-full is-resized\"><a href=\"https:\/\/ul.waze.com\/ul?ll=43.23094615%2C3.12956393&amp;navigate=yes&amp;zoom=17&amp;utm_campaign=default&amp;utm_source=waze_website&amp;utm_medium=lm_share_location\"><img loading=\"lazy\" decoding=\"async\" width=\"221\" height=\"261\" src=\"https:\/\/mam.lesrazmockets.fr\/wp-content\/uploads\/2024\/04\/Waze-MAM-1.png\" alt=\"\" class=\"wp-image-359\" style=\"width:228px;height:auto\"\/><\/a><\/figure>\n","protected":false},"excerpt":{"rendered":"<p>La carte sur le site G\u00e9oPortail.gouv.fr<\/p>\n","protected":false},"author":7,"featured_media":0,"parent":0,"menu_order":0,"comment_status":"closed","ping_status":"closed","template":"","meta":{"footnotes":""},"class_list":["post-111","page","type-page","status-publish","hentry"],"yoast_head":"<!-- This site is optimized with the Yoast SEO plugin v27.4 - https:\/\/yoast.com\/product\/yoast-seo-wordpress\/ -->\n<title>O\u00f9 se trouve la MAM Les Razmockets? - MAM Les Razmockets<\/title>\n<meta name=\"description\" content=\"MAM Les Razmockets - O\u00f9 se trouve la MAM Les Razmockets? -\" \/>\n<meta name=\"robots\" content=\"index, follow, max-snippet:-1, max-image-preview:large, max-video-preview:-1\" \/>\n<link rel=\"canonical\" href=\"https:\/\/mam.lesrazmockets.fr\/index.php\/nous-trouver\/\" \/>\n<meta property=\"og:locale\" content=\"fr_FR\" \/>\n<meta property=\"og:type\" content=\"article\" \/>\n<meta property=\"og:title\" content=\"O\u00f9 se trouve la MAM Les Razmockets? - MAM Les Razmockets\" \/>\n<meta property=\"og:description\" content=\"MAM Les Razmockets - O\u00f9 se trouve la MAM Les Razmockets? -\" \/>\n<meta property=\"og:url\" content=\"https:\/\/mam.lesrazmockets.fr\/index.php\/nous-trouver\/\" \/>\n<meta property=\"og:site_name\" content=\"MAM Les Razmockets\" \/>\n<meta property=\"article:publisher\" content=\"https:\/\/www.facebook.com\/mamlesrazmockets\" \/>\n<meta property=\"article:modified_time\" content=\"2024-04-29T00:34:02+00:00\" \/>\n<meta property=\"og:image\" content=\"https:\/\/mam.lesrazmockets.fr\/wp-content\/uploads\/2024\/04\/Waze-MAM-1.png\" \/>\n<meta name=\"twitter:card\" content=\"summary_large_image\" \/>\n<meta name=\"twitter:label1\" content=\"Dur\u00e9e de lecture estim\u00e9e\" \/>\n\t<meta name=\"twitter:data1\" content=\"1 minute\" \/>\n<script type=\"application\/ld+json\" class=\"yoast-schema-graph\">{\"@context\":\"https:\\\/\\\/schema.org\",\"@graph\":[{\"@type\":\"WebPage\",\"@id\":\"https:\\\/\\\/mam.lesrazmockets.fr\\\/index.php\\\/nous-trouver\\\/\",\"url\":\"https:\\\/\\\/mam.lesrazmockets.fr\\\/index.php\\\/nous-trouver\\\/\",\"name\":\"O\u00f9 se trouve la MAM Les Razmockets? - MAM Les Razmockets\",\"isPartOf\":{\"@id\":\"https:\\\/\\\/mam.lesrazmockets.fr\\\/#website\"},\"primaryImageOfPage\":{\"@id\":\"https:\\\/\\\/mam.lesrazmockets.fr\\\/index.php\\\/nous-trouver\\\/#primaryimage\"},\"image\":{\"@id\":\"https:\\\/\\\/mam.lesrazmockets.fr\\\/index.php\\\/nous-trouver\\\/#primaryimage\"},\"thumbnailUrl\":\"https:\\\/\\\/mam.lesrazmockets.fr\\\/wp-content\\\/uploads\\\/2024\\\/04\\\/Waze-MAM-1.png\",\"datePublished\":\"2024-02-16T02:26:47+00:00\",\"dateModified\":\"2024-04-29T00:34:02+00:00\",\"description\":\"MAM Les Razmockets - O\u00f9 se trouve la MAM Les Razmockets? -\",\"breadcrumb\":{\"@id\":\"https:\\\/\\\/mam.lesrazmockets.fr\\\/index.php\\\/nous-trouver\\\/#breadcrumb\"},\"inLanguage\":\"fr-FR\",\"potentialAction\":[{\"@type\":\"ReadAction\",\"target\":[\"https:\\\/\\\/mam.lesrazmockets.fr\\\/index.php\\\/nous-trouver\\\/\"]}]},{\"@type\":\"ImageObject\",\"inLanguage\":\"fr-FR\",\"@id\":\"https:\\\/\\\/mam.lesrazmockets.fr\\\/index.php\\\/nous-trouver\\\/#primaryimage\",\"url\":\"https:\\\/\\\/mam.lesrazmockets.fr\\\/wp-content\\\/uploads\\\/2024\\\/04\\\/Waze-MAM-1.png\",\"contentUrl\":\"https:\\\/\\\/mam.lesrazmockets.fr\\\/wp-content\\\/uploads\\\/2024\\\/04\\\/Waze-MAM-1.png\",\"width\":221,\"height\":261},{\"@type\":\"BreadcrumbList\",\"@id\":\"https:\\\/\\\/mam.lesrazmockets.fr\\\/index.php\\\/nous-trouver\\\/#breadcrumb\",\"itemListElement\":[{\"@type\":\"ListItem\",\"position\":1,\"name\":\"Accueil\",\"item\":\"https:\\\/\\\/mam.lesrazmockets.fr\\\/\"},{\"@type\":\"ListItem\",\"position\":2,\"name\":\"O\u00f9 se trouve la MAM Les Razmockets?\"}]},{\"@type\":\"WebSite\",\"@id\":\"https:\\\/\\\/mam.lesrazmockets.fr\\\/#website\",\"url\":\"https:\\\/\\\/mam.lesrazmockets.fr\\\/\",\"name\":\"MAM Les Razmockets\",\"description\":\"Faites garder vos enfants dans un lieu de vie, un espace socialisant, s\u00e9curisant et bienveillant, adapt\u00e9 \u00e0 100% aux enfants\",\"publisher\":{\"@id\":\"https:\\\/\\\/mam.lesrazmockets.fr\\\/#organization\"},\"alternateName\":\"garde enfant Fleury\",\"potentialAction\":[{\"@type\":\"SearchAction\",\"target\":{\"@type\":\"EntryPoint\",\"urlTemplate\":\"https:\\\/\\\/mam.lesrazmockets.fr\\\/?s={search_term_string}\"},\"query-input\":{\"@type\":\"PropertyValueSpecification\",\"valueRequired\":true,\"valueName\":\"search_term_string\"}}],\"inLanguage\":\"fr-FR\"},{\"@type\":\"Organization\",\"@id\":\"https:\\\/\\\/mam.lesrazmockets.fr\\\/#organization\",\"name\":\"MAM Les Razmockets\",\"alternateName\":\"Les Razmockets Fleury\",\"url\":\"https:\\\/\\\/mam.lesrazmockets.fr\\\/\",\"logo\":{\"@type\":\"ImageObject\",\"inLanguage\":\"fr-FR\",\"@id\":\"https:\\\/\\\/mam.lesrazmockets.fr\\\/#\\\/schema\\\/logo\\\/image\\\/\",\"url\":\"https:\\\/\\\/mam.lesrazmockets.fr\\\/wp-content\\\/uploads\\\/2024\\\/02\\\/LOGO-RAZMOCKETS-1.jpg\",\"contentUrl\":\"https:\\\/\\\/mam.lesrazmockets.fr\\\/wp-content\\\/uploads\\\/2024\\\/02\\\/LOGO-RAZMOCKETS-1.jpg\",\"width\":960,\"height\":959,\"caption\":\"MAM Les Razmockets\"},\"image\":{\"@id\":\"https:\\\/\\\/mam.lesrazmockets.fr\\\/#\\\/schema\\\/logo\\\/image\\\/\"},\"sameAs\":[\"https:\\\/\\\/www.facebook.com\\\/mamlesrazmockets\",\"https:\\\/\\\/www.instagram.com\\\/mamlesrazmockets\",\"https:\\\/\\\/www.pinterest.fr\\\/LesRazmockets11560\\\/\"]}]}<\/script>\n<!-- \/ Yoast SEO plugin. -->","yoast_head_json":{"title":"O\u00f9 se trouve la MAM Les Razmockets? - MAM Les Razmockets","description":"MAM Les Razmockets - O\u00f9 se trouve la MAM Les Razmockets? -","robots":{"index":"index","follow":"follow","max-snippet":"max-snippet:-1","max-image-preview":"max-image-preview:large","max-video-preview":"max-video-preview:-1"},"canonical":"https:\/\/mam.lesrazmockets.fr\/index.php\/nous-trouver\/","og_locale":"fr_FR","og_type":"article","og_title":"O\u00f9 se trouve la MAM Les Razmockets? - MAM Les Razmockets","og_description":"MAM Les Razmockets - O\u00f9 se trouve la MAM Les Razmockets? -","og_url":"https:\/\/mam.lesrazmockets.fr\/index.php\/nous-trouver\/","og_site_name":"MAM Les Razmockets","article_publisher":"https:\/\/www.facebook.com\/mamlesrazmockets","article_modified_time":"2024-04-29T00:34:02+00:00","og_image":[{"url":"https:\/\/mam.lesrazmockets.fr\/wp-content\/uploads\/2024\/04\/Waze-MAM-1.png","type":"","width":"","height":""}],"twitter_card":"summary_large_image","twitter_misc":{"Dur\u00e9e de lecture estim\u00e9e":"1 minute"},"schema":{"@context":"https:\/\/schema.org","@graph":[{"@type":"WebPage","@id":"https:\/\/mam.lesrazmockets.fr\/index.php\/nous-trouver\/","url":"https:\/\/mam.lesrazmockets.fr\/index.php\/nous-trouver\/","name":"O\u00f9 se trouve la MAM Les Razmockets? - MAM Les Razmockets","isPartOf":{"@id":"https:\/\/mam.lesrazmockets.fr\/#website"},"primaryImageOfPage":{"@id":"https:\/\/mam.lesrazmockets.fr\/index.php\/nous-trouver\/#primaryimage"},"image":{"@id":"https:\/\/mam.lesrazmockets.fr\/index.php\/nous-trouver\/#primaryimage"},"thumbnailUrl":"https:\/\/mam.lesrazmockets.fr\/wp-content\/uploads\/2024\/04\/Waze-MAM-1.png","datePublished":"2024-02-16T02:26:47+00:00","dateModified":"2024-04-29T00:34:02+00:00","description":"MAM Les Razmockets - O\u00f9 se trouve la MAM Les Razmockets? -","breadcrumb":{"@id":"https:\/\/mam.lesrazmockets.fr\/index.php\/nous-trouver\/#breadcrumb"},"inLanguage":"fr-FR","potentialAction":[{"@type":"ReadAction","target":["https:\/\/mam.lesrazmockets.fr\/index.php\/nous-trouver\/"]}]},{"@type":"ImageObject","inLanguage":"fr-FR","@id":"https:\/\/mam.lesrazmockets.fr\/index.php\/nous-trouver\/#primaryimage","url":"https:\/\/mam.lesrazmockets.fr\/wp-content\/uploads\/2024\/04\/Waze-MAM-1.png","contentUrl":"https:\/\/mam.lesrazmockets.fr\/wp-content\/uploads\/2024\/04\/Waze-MAM-1.png","width":221,"height":261},{"@type":"BreadcrumbList","@id":"https:\/\/mam.lesrazmockets.fr\/index.php\/nous-trouver\/#breadcrumb","itemListElement":[{"@type":"ListItem","position":1,"name":"Accueil","item":"https:\/\/mam.lesrazmockets.fr\/"},{"@type":"ListItem","position":2,"name":"O\u00f9 se trouve la MAM Les Razmockets?"}]},{"@type":"WebSite","@id":"https:\/\/mam.lesrazmockets.fr\/#website","url":"https:\/\/mam.lesrazmockets.fr\/","name":"MAM Les Razmockets","description":"Faites garder vos enfants dans un lieu de vie, un espace socialisant, s\u00e9curisant et bienveillant, adapt\u00e9 \u00e0 100% aux enfants","publisher":{"@id":"https:\/\/mam.lesrazmockets.fr\/#organization"},"alternateName":"garde enfant Fleury","potentialAction":[{"@type":"SearchAction","target":{"@type":"EntryPoint","urlTemplate":"https:\/\/mam.lesrazmockets.fr\/?s={search_term_string}"},"query-input":{"@type":"PropertyValueSpecification","valueRequired":true,"valueName":"search_term_string"}}],"inLanguage":"fr-FR"},{"@type":"Organization","@id":"https:\/\/mam.lesrazmockets.fr\/#organization","name":"MAM Les Razmockets","alternateName":"Les Razmockets Fleury","url":"https:\/\/mam.lesrazmockets.fr\/","logo":{"@type":"ImageObject","inLanguage":"fr-FR","@id":"https:\/\/mam.lesrazmockets.fr\/#\/schema\/logo\/image\/","url":"https:\/\/mam.lesrazmockets.fr\/wp-content\/uploads\/2024\/02\/LOGO-RAZMOCKETS-1.jpg","contentUrl":"https:\/\/mam.lesrazmockets.fr\/wp-content\/uploads\/2024\/02\/LOGO-RAZMOCKETS-1.jpg","width":960,"height":959,"caption":"MAM Les Razmockets"},"image":{"@id":"https:\/\/mam.lesrazmockets.fr\/#\/schema\/logo\/image\/"},"sameAs":["https:\/\/www.facebook.com\/mamlesrazmockets","https:\/\/www.instagram.com\/mamlesrazmockets","https:\/\/www.pinterest.fr\/LesRazmockets11560\/"]}]}},"_links":{"self":[{"href":"https:\/\/mam.lesrazmockets.fr\/index.php\/wp-json\/wp\/v2\/pages\/111","targetHints":{"allow":["GET"]}}],"collection":[{"href":"https:\/\/mam.lesrazmockets.fr\/index.php\/wp-json\/wp\/v2\/pages"}],"about":[{"href":"https:\/\/mam.lesrazmockets.fr\/index.php\/wp-json\/wp\/v2\/types\/page"}],"author":[{"embeddable":true,"href":"https:\/\/mam.lesrazmockets.fr\/index.php\/wp-json\/wp\/v2\/users\/7"}],"replies":[{"embeddable":true,"href":"https:\/\/mam.lesrazmockets.fr\/index.php\/wp-json\/wp\/v2\/comments?post=111"}],"version-history":[{"count":27,"href":"https:\/\/mam.lesrazmockets.fr\/index.php\/wp-json\/wp\/v2\/pages\/111\/revisions"}],"predecessor-version":[{"id":361,"href":"https:\/\/mam.lesrazmockets.fr\/index.php\/wp-json\/wp\/v2\/pages\/111\/revisions\/361"}],"wp:attachment":[{"href":"https:\/\/mam.lesrazmockets.fr\/index.php\/wp-json\/wp\/v2\/media?parent=111"}],"curies":[{"name":"wp","href":"https:\/\/api.w.org\/{rel}","templated":true}]}}